{"id":64,"date":"2022-05-29T21:57:43","date_gmt":"2022-05-30T02:57:43","guid":{"rendered":"https:\/\/onkolid.mx\/?page_id=64"},"modified":"2025-07-25T11:19:41","modified_gmt":"2025-07-25T17:19:41","slug":"servicios","status":"publish","type":"page","link":"https:\/\/onkolid.mx\/index.php\/servicios\/","title":{"rendered":"SERVICIOS"},"content":{"rendered":"<p>[et_pb_section fb_built=&#8221;1&#8243; fullwidth=&#8221;on&#8221; _builder_version=&#8221;4.17.4&#8243; _module_preset=&#8221;default&#8221; global_colors_info=&#8221;{}&#8221;][et_pb_fullwidth_image src=&#8221;https:\/\/onkolid.mx\/wp-content\/uploads\/2025\/07\/DSC00990-scaled-e1752533502169.jpg&#8221; title_text=&#8221;DSC00990&#8243; _builder_version=&#8221;4.17.4&#8243; _module_preset=&#8221;default&#8221; hover_enabled=&#8221;0&#8243; global_colors_info=&#8221;{}&#8221; sticky_enabled=&#8221;0&#8243;][\/et_pb_fullwidth_image][\/et_pb_section][et_pb_section fb_built=&#8221;1&#8243; _builder_version=&#8221;4.17.4&#8243; _module_preset=&#8221;default&#8221; background_color=&#8221;#ba3cae&#8221; background_image=&#8221;https:\/\/onkolid.mx\/wp-content\/uploads\/2022\/06\/BG-isotipo-onkolid.png&#8221; background_size=&#8221;custom&#8221; background_position=&#8221;bottom_right&#8221; filter_saturate=&#8221;117%&#8221; global_colors_info=&#8221;{}&#8221;][et_pb_row column_structure=&#8221;3_5,2_5&#8243; _builder_version=&#8221;4.17.4&#8243; _module_preset=&#8221;default&#8221; global_colors_info=&#8221;{}&#8221;][et_pb_column type=&#8221;3_5&#8243; _builder_version=&#8221;4.17.4&#8243; _module_preset=&#8221;default&#8221; global_colors_info=&#8221;{}&#8221;][et_pb_text _builder_version=&#8221;4.17.4&#8243; _module_preset=&#8221;default&#8221; header_font=&#8221;geometria|700|||||||&#8221; header_2_font=&#8221;geometria|900|||||||&#8221; header_2_text_color=&#8221;#FFFFFF&#8221; header_2_font_size=&#8221;34px&#8221; global_colors_info=&#8221;{}&#8221;]<\/p>\n<h2>Nuestros servicios<\/h2>\n<p>[\/et_pb_text][et_pb_toggle title=&#8221;DIAGN\u00d3STICO&#8221; open_toggle_text_color=&#8221;#000000&#8243; icon_color=&#8221;#000000&#8243; toggle_icon=&#8221;&#x43;||divi||400&#8243; use_icon_font_size=&#8221;on&#8221; open_icon_color=&#8221;#000000&#8243; open_toggle_icon=&#8221;&#x46;||divi||400&#8243; open_use_icon_font_size=&#8221;on&#8221; _builder_version=&#8221;4.17.4&#8243; _module_preset=&#8221;default&#8221; title_text_color=&#8221;#000000&#8243; title_font=&#8221;geometria|700|||||||&#8221; body_font=&#8221;geometria||||||||&#8221; body_text_color=&#8221;#000000&#8243; custom_margin=&#8221;0px||0px||true|false&#8221; global_colors_info=&#8221;{}&#8221;]<\/p>\n<p>Realizar un an\u00e1lisis especializado de cada caso que permita identificar el sitio de origen y tipo de tumor.<\/p>\n<p>&nbsp;<\/p>\n<p>[\/et_pb_toggle][et_pb_toggle title=&#8221;TRATAMIENTOS&#8221; open_toggle_text_color=&#8221;#000000&#8243; closed_toggle_text_color=&#8221;#000000&#8243; icon_color=&#8221;#000000&#8243; toggle_icon=&#8221;&#x43;||divi||400&#8243; use_icon_font_size=&#8221;on&#8221; open_icon_color=&#8221;#000000&#8243; open_toggle_icon=&#8221;&#x46;||divi||400&#8243; _builder_version=&#8221;4.17.4&#8243; _module_preset=&#8221;default&#8221; title_text_color=&#8221;#000000&#8243; title_font=&#8221;geometria|700|||||||&#8221; closed_title_font=&#8221;geometria||||||||&#8221; body_font=&#8221;geometria||||||||&#8221; body_text_color=&#8221;#000000&#8243; custom_margin=&#8221;0px||0px||true|false&#8221; global_colors_info=&#8221;{}&#8221;]<\/p>\n<p>Quimioterapia: son medicamentos que se administran por v\u00eda intravenosa o v\u00eda oral para destruir c\u00e9lulas cancer\u00edgenas.<\/p>\n<p>&nbsp;<\/p>\n<p>Immunoterapia: es un tratamiento que estimula el sistema inmunitario de una persona para combatir el c\u00e1ncer, adem\u00e1s de permitir identificar aquellas c\u00e9lulas que pueden estar ocultas c\u00f3mo mecanismo de evasi\u00f3n.<\/p>\n<p>&nbsp;<\/p>\n<p>Hormonoterapia: Se utiliza para bloquear en diferentes puntos los est\u00edmulos hormonales que permiten el crecimiento y proliferaci\u00f3n de las c\u00e9lulas malignas.<\/p>\n<p>&nbsp;<\/p>\n<p>Terapia Blanco: Son medicamentos que bloquean espec\u00edficamente una o varias de las v\u00edas de se\u00f1alizaci\u00f3n que necesita el C\u00e1ncer para desarrollarse y crecer.<\/p>\n<p>&nbsp;<\/p>\n<p>[\/et_pb_toggle][et_pb_toggle title=&#8221;ATENCI\u00d3N INTEGRAL&#8221; open_toggle_text_color=&#8221;#000000&#8243; icon_color=&#8221;#000000&#8243; toggle_icon=&#8221;&#x43;||divi||400&#8243; use_icon_font_size=&#8221;on&#8221; open_icon_color=&#8221;#000000&#8243; open_toggle_icon=&#8221;&#x42;||divi||400&#8243; _builder_version=&#8221;4.17.4&#8243; _module_preset=&#8221;default&#8221; title_text_color=&#8221;#000000&#8243; title_font=&#8221;geometria|800|||||||&#8221; body_text_color=&#8221;#000000&#8243; custom_margin=&#8221;0px||0px||true|false&#8221; global_colors_info=&#8221;{}&#8221;]<\/p>\n<p>Oncolog\u00eda m\u00e9dica<\/p>\n<p>Cirug\u00eda Oncol\u00f3gica<\/p>\n<p>Radio oncolog\u00eda<\/p>\n<p>Ginecolog\u00eda oncol\u00f3gica<\/p>\n<p>Cuidados paliativos y cl\u00ednica del dolor<\/p>\n<p>Nutrici\u00f3n cl\u00ednica<\/p>\n<p>Psicolog\u00eda<\/p>\n<p>Gen\u00e9tica<\/p>\n<p>[\/et_pb_toggle][et_pb_toggle title=&#8221;OPINIONES&#8221; open_toggle_text_color=&#8221;#000000&#8243; icon_color=&#8221;#000000&#8243; toggle_icon=&#8221;&#x43;||divi||400&#8243; use_icon_font_size=&#8221;on&#8221; open_icon_color=&#8221;#000000&#8243; open_toggle_icon=&#8221;&#x42;||divi||400&#8243; _builder_version=&#8221;4.17.4&#8243; _module_preset=&#8221;default&#8221; title_text_color=&#8221;#000000&#8243; title_font=&#8221;geometria|700|||||||&#8221; body_font=&#8221;geometria||||||||&#8221; body_text_color=&#8221;#000000&#8243; global_colors_info=&#8221;{}&#8221;]<\/p>\n<p>Segundas opiniones de padecimientos oncol\u00f3gicos<\/p>\n<p>[\/et_pb_toggle][\/et_pb_column][et_pb_column type=&#8221;2_5&#8243; _builder_version=&#8221;4.17.4&#8243; _module_preset=&#8221;default&#8221; global_colors_info=&#8221;{}&#8221;][\/et_pb_column][\/et_pb_row][\/et_pb_section][et_pb_section fb_built=&#8221;1&#8243; _builder_version=&#8221;4.17.4&#8243; _module_preset=&#8221;default&#8221; background_color=&#8221;#262d46&#8243; custom_margin=&#8221;||0px||false|false&#8221; custom_padding=&#8221;||0px||false|false&#8221; global_module=&#8221;47&#8243; saved_tabs=&#8221;all&#8221; global_colors_info=&#8221;{}&#8221;][et_pb_row column_structure=&#8221;1_3,1_3,1_3&#8243; _builder_version=&#8221;4.17.4&#8243; _module_preset=&#8221;default&#8221; global_colors_info=&#8221;{}&#8221;][et_pb_column type=&#8221;1_3&#8243; _builder_version=&#8221;4.17.4&#8243; _module_preset=&#8221;default&#8221; global_colors_info=&#8221;{}&#8221;][et_pb_text _builder_version=&#8221;4.17.4&#8243; _module_preset=&#8221;default&#8221; text_font=&#8221;geometria|700|||||||&#8221; text_text_color=&#8221;#ba3cae&#8221; text_font_size=&#8221;23px&#8221; global_colors_info=&#8221;{}&#8221;]<\/p>\n<p>Horario de atenci\u00f3n:<\/p>\n<p>[\/et_pb_text][et_pb_text _builder_version=&#8221;4.17.4&#8243; _module_preset=&#8221;default&#8221; text_font=&#8221;modernica|600|||||||&#8221; text_text_color=&#8221;#FFFFFF&#8221; text_font_size=&#8221;16px&#8221; text_line_height=&#8221;0.7em&#8221; global_colors_info=&#8221;{}&#8221;]<\/p>\n<p>Lunes a Viernes:<\/p>\n<p>10:00 a 21:00 h.<\/p>\n<p>S\u00e1bado:<\/p>\n<p>10:00 a 16:00 h.<\/p>\n<p>&nbsp;<\/p>\n<p>[\/et_pb_text][\/et_pb_column][et_pb_column type=&#8221;1_3&#8243; _builder_version=&#8221;4.17.4&#8243; _module_preset=&#8221;default&#8221; global_colors_info=&#8221;{}&#8221;][et_pb_text _builder_version=&#8221;4.17.4&#8243; _module_preset=&#8221;default&#8221; text_font=&#8221;geometria|700|||||||&#8221; text_text_color=&#8221;#ba3cae&#8221; text_font_size=&#8221;23px&#8221; global_colors_info=&#8221;{}&#8221;]<\/p>\n<p>Contacto:<\/p>\n<p>[\/et_pb_text][et_pb_text _builder_version=&#8221;4.17.4&#8243; _module_preset=&#8221;default&#8221; text_font=&#8221;modernica|600|||||||&#8221; text_text_color=&#8221;#FFFFFF&#8221; text_font_size=&#8221;16px&#8221; text_line_height=&#8221;0.7em&#8221; global_colors_info=&#8221;{}&#8221;]<\/p>\n<p>Avenida 1\u00ba de Mayo #995,<\/p>\n<p>entre Azueta e Iturbide<\/p>\n<p>Col. Centro, Veracruz, Ver.<\/p>\n<p><span style=\"font-size: 16px;\">Tel: <span style=\"color: #f2f2f2;\"><a href=\"52%201 229 126 9888\" style=\"color: #f2f2f2;\">229\u00a0126\u00a09888<\/a><\/span><\/span><\/p>\n<p><strong>Urgencias<\/strong>: 55\u00a05415\u00a00953<\/p>\n<p><a style=\"color: white;\" href=\"mailto:contacto@onkolid.mx\">contacto@onkolid.mx<\/a><\/p>\n<p><a style=\"color: white;\" href=\"mailto:dr.arredondo@onkolid.mx\">dr.arredondo@onkolid.mx<\/a><\/p>\n<p>[\/et_pb_text][\/et_pb_column][et_pb_column type=&#8221;1_3&#8243; _builder_version=&#8221;4.17.4&#8243; _module_preset=&#8221;default&#8221; global_colors_info=&#8221;{}&#8221;][et_pb_text _builder_version=&#8221;4.17.4&#8243; _module_preset=&#8221;default&#8221; text_text_color=&#8221;#FFFFFF&#8221; custom_padding=&#8221;||0px|||&#8221; global_colors_info=&#8221;{}&#8221;]<\/p>\n<p>C\u00e9dula Profesional 8406549<br \/>C\u00e9dula Especialidad 11975042<br \/>Aviso COFEPRIS\u00a0<span style=\"font-size: 14px;\">2330082002A00106<\/span><\/p>\n<p>[\/et_pb_text][\/et_pb_column][\/et_pb_row][\/et_pb_section]<\/p>\n","protected":false},"excerpt":{"rendered":"<p>Nuestros serviciosRealizar un an\u00e1lisis especializado de cada caso que permita identificar el sitio de origen y tipo de tumor. &nbsp;Quimioterapia: son medicamentos que se administran por v\u00eda intravenosa o v\u00eda oral para destruir c\u00e9lulas cancer\u00edgenas. &nbsp; Immunoterapia: es un tratamiento que estimula el sistema inmunitario de una persona para combatir el c\u00e1ncer, adem\u00e1s de permitir [&hellip;]<\/p>\n","protected":false},"author":1,"featured_media":0,"parent":0,"menu_order":0,"comment_status":"closed","ping_status":"closed","template":"","meta":{"_et_pb_use_builder":"on","_et_pb_old_content":"","_et_gb_content_width":"","_joinchat":[],"footnotes":""},"class_list":["post-64","page","type-page","status-publish","hentry"],"_links":{"self":[{"href":"https:\/\/onkolid.mx\/index.php\/wp-json\/wp\/v2\/pages\/64","targetHints":{"allow":["GET"]}}],"collection":[{"href":"https:\/\/onkolid.mx\/index.php\/wp-json\/wp\/v2\/pages"}],"about":[{"href":"https:\/\/onkolid.mx\/index.php\/wp-json\/wp\/v2\/types\/page"}],"author":[{"embeddable":true,"href":"https:\/\/onkolid.mx\/index.php\/wp-json\/wp\/v2\/users\/1"}],"replies":[{"embeddable":true,"href":"https:\/\/onkolid.mx\/index.php\/wp-json\/wp\/v2\/comments?post=64"}],"version-history":[{"count":10,"href":"https:\/\/onkolid.mx\/index.php\/wp-json\/wp\/v2\/pages\/64\/revisions"}],"predecessor-version":[{"id":375,"href":"https:\/\/onkolid.mx\/index.php\/wp-json\/wp\/v2\/pages\/64\/revisions\/375"}],"wp:attachment":[{"href":"https:\/\/onkolid.mx\/index.php\/wp-json\/wp\/v2\/media?parent=64"}],"curies":[{"name":"wp","href":"https:\/\/api.w.org\/{rel}","templated":true}]}}