{"id":52,"date":"2022-05-29T21:34:56","date_gmt":"2022-05-30T02:34:56","guid":{"rendered":"https:\/\/onkolid.mx\/?page_id=52"},"modified":"2025-07-25T11:17:37","modified_gmt":"2025-07-25T17:17:37","slug":"nosotros","status":"publish","type":"page","link":"https:\/\/onkolid.mx\/index.php\/nosotros\/","title":{"rendered":"NOSOTROS"},"content":{"rendered":"<p>[et_pb_section fb_built=&#8221;1&#8243; fullwidth=&#8221;on&#8221; _builder_version=&#8221;4.17.4&#8243; _module_preset=&#8221;default&#8221; global_colors_info=&#8221;{}&#8221;][et_pb_fullwidth_image src=&#8221;https:\/\/onkolid.mx\/wp-content\/uploads\/2025\/07\/DSC01008-Edit-scaled.jpg&#8221; title_text=&#8221;DSC01008-Edit&#8221; _builder_version=&#8221;4.17.4&#8243; _module_preset=&#8221;default&#8221; global_colors_info=&#8221;{}&#8221;][\/et_pb_fullwidth_image][\/et_pb_section][et_pb_section fb_built=&#8221;1&#8243; _builder_version=&#8221;4.17.4&#8243; _module_preset=&#8221;default&#8221; global_colors_info=&#8221;{}&#8221;][et_pb_row _builder_version=&#8221;4.17.4&#8243; _module_preset=&#8221;default&#8221; global_colors_info=&#8221;{}&#8221;][et_pb_column type=&#8221;4_4&#8243; _builder_version=&#8221;4.17.4&#8243; _module_preset=&#8221;default&#8221; global_colors_info=&#8221;{}&#8221;][et_pb_code _builder_version=&#8221;4.17.4&#8243; _module_preset=&#8221;default&#8221; text_orientation=&#8221;center&#8221; custom_padding=&#8221;||0px|||&#8221; global_colors_info=&#8221;{}&#8221;]<a id=\"zl-url\" class=\"zl-url\" href=\"https:\/\/www.doctoralia.com.mx\/pedro-arredondo-ruiz\/oncologo-medico\/veracruz\" rel=\"nofollow\" data-zlw-doctor=\"pedro-arredondo-ruiz\" data-zlw-type=\"big_with_calendar\" data-zlw-opinion=\"false\" data-zlw-hide-branding=\"true\">Pedro Arredondo Ruiz &#8211; Doctoralia.com.mx<\/a><script>!function($_x,_s,id){var js,fjs=$_x.getElementsByTagName(_s)[0];if(!$_x.getElementById(id)){js = $_x.createElement(_s);js.id = id;js.src = \"\/\/platform.docplanner.com\/js\/widget.js\";fjs.parentNode.insertBefore(js,fjs);}}(document,\"script\",\"zl-widget-s\");<\/script>[\/et_pb_code][\/et_pb_column][\/et_pb_row][\/et_pb_section][et_pb_section fb_built=&#8221;1&#8243; _builder_version=&#8221;4.17.4&#8243; _module_preset=&#8221;default&#8221; background_color=&#8221;#ba3cae&#8221; custom_margin=&#8221;0px||0px||false|false&#8221; custom_padding=&#8221;0px||0px||false|false&#8221; global_colors_info=&#8221;{}&#8221;][et_pb_row column_structure=&#8221;3_5,2_5&#8243; _builder_version=&#8221;4.17.4&#8243; _module_preset=&#8221;default&#8221; width=&#8221;100%&#8221; max_width=&#8221;100%&#8221; custom_margin=&#8221;0px||0px||false|false&#8221; custom_padding=&#8221;0px||0px||true|false&#8221; global_colors_info=&#8221;{}&#8221; custom_css_main_element_last_edited=&#8221;on|phone&#8221; custom_css_main_element_phone=&#8221;display:flex;||flex-wrap: wrap;&#8221;][et_pb_column type=&#8221;3_5&#8243; _builder_version=&#8221;4.17.4&#8243; _module_preset=&#8221;default&#8221; custom_css_main_element=&#8221;order: 2;&#8221; global_colors_info=&#8221;{}&#8221;][et_pb_image src=&#8221;https:\/\/onkolid.mx\/wp-content\/uploads\/2025\/07\/DSC00848-scaled.jpg&#8221; title_text=&#8221;DSC00848&#8243; align_tablet=&#8221;&#8221; align_phone=&#8221;center&#8221; align_last_edited=&#8221;on|phone&#8221; _builder_version=&#8221;4.17.4&#8243; _module_preset=&#8221;default&#8221; width=&#8221;85%&#8221; width_tablet=&#8221;85%&#8221; width_phone=&#8221;100%&#8221; width_last_edited=&#8221;on|phone&#8221; max_width_tablet=&#8221;&#8221; max_width_phone=&#8221;100%&#8221; max_width_last_edited=&#8221;on|phone&#8221; global_colors_info=&#8221;{}&#8221;][\/et_pb_image][\/et_pb_column][et_pb_column type=&#8221;2_5&#8243; _builder_version=&#8221;4.17.4&#8243; _module_preset=&#8221;default&#8221; custom_padding=&#8221;||0px||false|false&#8221; custom_padding_tablet=&#8221;||0px||false|false&#8221; custom_padding_phone=&#8221;||3em||false|false&#8221; custom_padding_last_edited=&#8221;on|phone&#8221; global_colors_info=&#8221;{}&#8221; custom_css_main_element_last_edited=&#8221;on|phone&#8221; custom_css_main_element_phone=&#8221;order:1;&#8221;][et_pb_text _builder_version=&#8221;4.17.4&#8243; _module_preset=&#8221;default&#8221; header_2_font=&#8221;geometria|700|||||||&#8221; header_2_text_color=&#8221;#262d46&#8243; header_2_font_size=&#8221;37px&#8221; width=&#8221;55%&#8221; custom_margin=&#8221;7em|0px|0px|-8em|false|false&#8221; custom_margin_tablet=&#8221;4em|0px|0px|-10em|false|false&#8221; custom_margin_phone=&#8221;4em|0px|0px|3em|false|false&#8221; custom_margin_last_edited=&#8221;on|desktop&#8221; custom_padding=&#8221;||||false|false&#8221; custom_padding_tablet=&#8221;||||false|false&#8221; custom_padding_phone=&#8221;||||false|false&#8221; custom_padding_last_edited=&#8221;on|desktop&#8221; global_colors_info=&#8221;{}&#8221;]<\/p>\n<h2>Misi\u00f3n<\/h2>\n<p>[\/et_pb_text][et_pb_text _builder_version=&#8221;4.17.4&#8243; _module_preset=&#8221;default&#8221; text_font=&#8221;geometria||||||||&#8221; text_text_color=&#8221;#ffffff&#8221; text_font_size=&#8221;17px&#8221; header_2_font=&#8221;geometria|700|||||||&#8221; header_2_text_color=&#8221;#262d46&#8243; header_2_font_size=&#8221;36px&#8221; width=&#8221;82%&#8221; width_tablet=&#8221;82%&#8221; width_phone=&#8221;78%&#8221; width_last_edited=&#8221;on|phone&#8221; custom_margin=&#8221;0em||0px|-7em|false|false&#8221; custom_margin_tablet=&#8221;0px||0px|-8em|true|false&#8221; custom_margin_phone=&#8221;0px||0px|2em|true|false&#8221; custom_margin_last_edited=&#8221;on|phone&#8221; custom_padding=&#8221;0px||0px||true|false&#8221; global_colors_info=&#8221;{}&#8221;]<\/p>\n<p><span style=\"font-weight: 400;\">Brindar atenci\u00f3n especializada mediante servicios ambulatorios a pacientes con enfermedades oncol\u00f3gicas; encaminados a la prevenci\u00f3n, diagn\u00f3stico, tratamiento y vigilancia con un alto nivel de profesionalismo, \u00e9tica y humanismo. Facilitando los procesos y brindando el soporte necesario para contribuir en la calidad de vida de cada uno de nuestros pacientes. <\/span><\/p>\n<p>[\/et_pb_text][\/et_pb_column][\/et_pb_row][et_pb_row column_structure=&#8221;2_5,3_5&#8243; _builder_version=&#8221;4.17.4&#8243; _module_preset=&#8221;default&#8221; width=&#8221;100%&#8221; max_width=&#8221;100%&#8221; custom_margin=&#8221;0px||0px||false|false&#8221; custom_padding=&#8221;0px||0px||true|false&#8221; global_colors_info=&#8221;{}&#8221;][et_pb_column type=&#8221;2_5&#8243; _builder_version=&#8221;4.17.4&#8243; _module_preset=&#8221;default&#8221; global_colors_info=&#8221;{}&#8221;][et_pb_text _builder_version=&#8221;4.17.4&#8243; _module_preset=&#8221;default&#8221; header_2_font=&#8221;geometria|700|||||||&#8221; header_2_text_color=&#8221;#262d46&#8243; header_2_font_size=&#8221;36px&#8221; width=&#8221;60%&#8221; width_tablet=&#8221;60%&#8221; width_phone=&#8221;75%&#8221; width_last_edited=&#8221;on|phone&#8221; custom_margin=&#8221;8em||0px|8em|false|false&#8221; custom_margin_tablet=&#8221;4em||0px||false|false&#8221; custom_margin_phone=&#8221;4em||0px||false|false&#8221; custom_margin_last_edited=&#8221;on|phone&#8221; custom_padding=&#8221;||0px||false|false&#8221; module_alignment_tablet=&#8221;center&#8221; module_alignment_phone=&#8221;center&#8221; module_alignment_last_edited=&#8221;on|phone&#8221; global_colors_info=&#8221;{}&#8221;]<\/p>\n<h2>Visi\u00f3n<\/h2>\n<p>[\/et_pb_text][et_pb_text _builder_version=&#8221;4.17.4&#8243; _module_preset=&#8221;default&#8221; text_font=&#8221;geometria||||||||&#8221; text_text_color=&#8221;#ffffff&#8221; text_font_size=&#8221;17px&#8221; header_2_font=&#8221;geometria|700|||||||&#8221; header_2_text_color=&#8221;#262d46&#8243; header_2_font_size=&#8221;36px&#8221; width=&#8221;84%&#8221; width_tablet=&#8221;84%&#8221; width_phone=&#8221;78%&#8221; width_last_edited=&#8221;on|phone&#8221; custom_margin=&#8221;0px||0px|6em|true|false&#8221; custom_padding=&#8221;0px||0px||true|false&#8221; module_alignment_tablet=&#8221;right&#8221; module_alignment_phone=&#8221;center&#8221; module_alignment_last_edited=&#8221;on|phone&#8221; global_colors_info=&#8221;{}&#8221;]<\/p>\n<p><span style=\"font-weight: 400;\">Ser un centro oncol\u00f3gico de excelencia en el Puerto de Veracruz con reconocimiento nacional que permita acercar los conocimientos cient\u00edficos, profesionalismo y la \u00e9tica m\u00e9dica a una enfermedad como es el c\u00e1ncer; ser una ventana de oportunidades de atenci\u00f3n integral de manera eficiente y eficaz para satisfacer las necesidades de todos nuestros pacientes.\u00a0<\/span><\/p>\n<p>&nbsp;<\/p>\n<p>[\/et_pb_text][\/et_pb_column][et_pb_column type=&#8221;3_5&#8243; _builder_version=&#8221;4.17.4&#8243; _module_preset=&#8221;default&#8221; global_colors_info=&#8221;{}&#8221;][et_pb_image title_text=&#8221;DSC00892&#8243; _builder_version=&#8221;4.17.4&#8243; _module_preset=&#8221;default&#8221; width=&#8221;88%&#8221; width_tablet=&#8221;88%&#8221; width_phone=&#8221;100%&#8221; width_last_edited=&#8221;on|phone&#8221; max_width_tablet=&#8221;&#8221; max_width_phone=&#8221;100%&#8221; max_width_last_edited=&#8221;on|phone&#8221; module_alignment=&#8221;right&#8221; hover_enabled=&#8221;0&#8243; global_colors_info=&#8221;{}&#8221; src=&#8221;https:\/\/onkolid.mx\/wp-content\/uploads\/2025\/07\/DSC00892-scaled-e1753463760653.jpg&#8221; sticky_enabled=&#8221;0&#8243;][\/et_pb_image][\/et_pb_column][\/et_pb_row][et_pb_row column_structure=&#8221;3_5,2_5&#8243; _builder_version=&#8221;4.17.4&#8243; _module_preset=&#8221;default&#8221; width=&#8221;100%&#8221; max_width=&#8221;100%&#8221; custom_margin=&#8221;0px|auto|0px|auto|false|false&#8221; custom_margin_tablet=&#8221;0px|auto|0px|auto|false|false&#8221; custom_margin_phone=&#8221;0px|auto|0px|auto|false|false&#8221; custom_margin_last_edited=&#8221;on|desktop&#8221; custom_padding=&#8221;0px||0px||true|false&#8221; global_colors_info=&#8221;{}&#8221; custom_css_main_element_last_edited=&#8221;on|phone&#8221; custom_css_main_element_phone=&#8221;display:flex;||flex-wrap: wrap;&#8221;][et_pb_column type=&#8221;3_5&#8243; _builder_version=&#8221;4.17.4&#8243; _module_preset=&#8221;default&#8221; custom_css_main_element=&#8221;order: 2;&#8221; global_colors_info=&#8221;{}&#8221;][et_pb_image src=&#8221;https:\/\/onkolid.mx\/wp-content\/uploads\/2025\/07\/DSC01035-1-scaled.jpg&#8221; title_text=&#8221;DSC01035 (1)&#8221; _builder_version=&#8221;4.17.4&#8243; _module_preset=&#8221;default&#8221; width=&#8221;85%&#8221; width_tablet=&#8221;85%&#8221; width_phone=&#8221;100%&#8221; width_last_edited=&#8221;on|phone&#8221; max_width_tablet=&#8221;&#8221; max_width_phone=&#8221;100%&#8221; max_width_last_edited=&#8221;on|phone&#8221; global_colors_info=&#8221;{}&#8221;][\/et_pb_image][\/et_pb_column][et_pb_column type=&#8221;2_5&#8243; _builder_version=&#8221;4.17.4&#8243; _module_preset=&#8221;default&#8221; custom_padding=&#8221;||||false|false&#8221; custom_padding_tablet=&#8221;||||false|false&#8221; custom_padding_phone=&#8221;2em||||false|false&#8221; custom_padding_last_edited=&#8221;on|phone&#8221; global_colors_info=&#8221;{}&#8221; custom_css_main_element_last_edited=&#8221;on|phone&#8221; custom_css_main_element_phone=&#8221;order:1;&#8221;][et_pb_text _builder_version=&#8221;4.17.4&#8243; _module_preset=&#8221;default&#8221; header_2_font=&#8221;geometria|700|||||||&#8221; header_2_text_color=&#8221;#262d46&#8243; header_2_font_size=&#8221;37px&#8221; width=&#8221;65%&#8221; width_tablet=&#8221;&#8221; width_phone=&#8221;51%&#8221; width_last_edited=&#8221;on|phone&#8221; custom_margin=&#8221;6em||0px|-10em|false|false&#8221; custom_margin_tablet=&#8221;4em||0px|-10em|false|false&#8221; custom_margin_phone=&#8221;0em||0px|-10em|false|false&#8221; custom_margin_last_edited=&#8221;on|phone&#8221; module_alignment_tablet=&#8221;&#8221; module_alignment_phone=&#8221;center&#8221; module_alignment_last_edited=&#8221;on|phone&#8221; global_colors_info=&#8221;{}&#8221;]<\/p>\n<h2>Valores<\/h2>\n<p>[\/et_pb_text][et_pb_text _builder_version=&#8221;4.17.4&#8243; _module_preset=&#8221;default&#8221; text_font=&#8221;geometria||||||||&#8221; text_text_color=&#8221;#ffffff&#8221; text_font_size=&#8221;17px&#8221; header_2_font=&#8221;geometria|700|||||||&#8221; header_2_text_color=&#8221;#262d46&#8243; header_2_font_size=&#8221;36px&#8221; width=&#8221;82%&#8221; width_tablet=&#8221;82%&#8221; width_phone=&#8221;53%&#8221; width_last_edited=&#8221;on|phone&#8221; custom_margin=&#8221;0px||0px|-8em|true|false&#8221; custom_padding=&#8221;0px||0px||true|false&#8221; module_alignment_tablet=&#8221;&#8221; module_alignment_phone=&#8221;center&#8221; module_alignment_last_edited=&#8221;on|phone&#8221; global_colors_info=&#8221;{}&#8221;]<\/p>\n<ul>\n<li><span style=\"font-weight: 400;\">Compromiso<\/span><\/li>\n<li><span style=\"font-weight: 400;\">Transparencia<\/span><\/li>\n<li><span style=\"font-weight: 400;\">Integridad<\/span><\/li>\n<li><span style=\"font-weight: 400;\">\u00c9tica<\/span><\/li>\n<li><span style=\"font-weight: 400;\">Respeto<\/span><\/li>\n<li><span style=\"font-weight: 400;\">Empat\u00eda<\/span><\/li>\n<li><span style=\"font-weight: 400;\">Equidad<\/span><\/li>\n<li><span style=\"font-weight: 400;\">Responsabilidad profesional y social en la atenci\u00f3n m\u00e9dica<\/span><\/li>\n<\/ul>\n<p>[\/et_pb_text][\/et_pb_column][\/et_pb_row][\/et_pb_section][et_pb_section fb_built=&#8221;1&#8243; _builder_version=&#8221;4.17.4&#8243; _module_preset=&#8221;default&#8221; background_color=&#8221;#262d46&#8243; custom_margin=&#8221;||0px||false|false&#8221; custom_padding=&#8221;||0px||false|false&#8221; global_module=&#8221;47&#8243; saved_tabs=&#8221;all&#8221; global_colors_info=&#8221;{}&#8221;][et_pb_row column_structure=&#8221;1_3,1_3,1_3&#8243; _builder_version=&#8221;4.17.4&#8243; _module_preset=&#8221;default&#8221; global_colors_info=&#8221;{}&#8221;][et_pb_column type=&#8221;1_3&#8243; _builder_version=&#8221;4.17.4&#8243; _module_preset=&#8221;default&#8221; global_colors_info=&#8221;{}&#8221;][et_pb_text _builder_version=&#8221;4.17.4&#8243; _module_preset=&#8221;default&#8221; text_font=&#8221;geometria|700|||||||&#8221; text_text_color=&#8221;#ba3cae&#8221; text_font_size=&#8221;23px&#8221; global_colors_info=&#8221;{}&#8221;]<\/p>\n<p>Horario de atenci\u00f3n:<\/p>\n<p>[\/et_pb_text][et_pb_text _builder_version=&#8221;4.17.4&#8243; _module_preset=&#8221;default&#8221; text_font=&#8221;modernica|600|||||||&#8221; text_text_color=&#8221;#FFFFFF&#8221; text_font_size=&#8221;16px&#8221; text_line_height=&#8221;0.7em&#8221; global_colors_info=&#8221;{}&#8221;]<\/p>\n<p>Lunes a Viernes:<\/p>\n<p>10:00 a 21:00 h.<\/p>\n<p>S\u00e1bado:<\/p>\n<p>10:00 a 16:00 h.<\/p>\n<p>&nbsp;<\/p>\n<p>[\/et_pb_text][\/et_pb_column][et_pb_column type=&#8221;1_3&#8243; _builder_version=&#8221;4.17.4&#8243; _module_preset=&#8221;default&#8221; global_colors_info=&#8221;{}&#8221;][et_pb_text _builder_version=&#8221;4.17.4&#8243; _module_preset=&#8221;default&#8221; text_font=&#8221;geometria|700|||||||&#8221; text_text_color=&#8221;#ba3cae&#8221; text_font_size=&#8221;23px&#8221; global_colors_info=&#8221;{}&#8221;]<\/p>\n<p>Contacto:<\/p>\n<p>[\/et_pb_text][et_pb_text _builder_version=&#8221;4.17.4&#8243; _module_preset=&#8221;default&#8221; text_font=&#8221;modernica|600|||||||&#8221; text_text_color=&#8221;#FFFFFF&#8221; text_font_size=&#8221;16px&#8221; text_line_height=&#8221;0.7em&#8221; global_colors_info=&#8221;{}&#8221;]<\/p>\n<p>Avenida 1\u00ba de Mayo #995,<\/p>\n<p>entre Azueta e Iturbide<\/p>\n<p>Col. Centro, Veracruz, Ver.<\/p>\n<p><span style=\"font-size: 16px;\">Tel: <span style=\"color: #f2f2f2;\"><a href=\"52%201 229 126 9888\" style=\"color: #f2f2f2;\">229\u00a0126\u00a09888<\/a><\/span><\/span><\/p>\n<p><strong>Urgencias<\/strong>: 55\u00a05415\u00a00953<\/p>\n<p><a style=\"color: white;\" href=\"mailto:contacto@onkolid.mx\">contacto@onkolid.mx<\/a><\/p>\n<p><a style=\"color: white;\" href=\"mailto:dr.arredondo@onkolid.mx\">dr.arredondo@onkolid.mx<\/a><\/p>\n<p>[\/et_pb_text][\/et_pb_column][et_pb_column type=&#8221;1_3&#8243; _builder_version=&#8221;4.17.4&#8243; _module_preset=&#8221;default&#8221; global_colors_info=&#8221;{}&#8221;][et_pb_text _builder_version=&#8221;4.17.4&#8243; _module_preset=&#8221;default&#8221; text_text_color=&#8221;#FFFFFF&#8221; custom_padding=&#8221;||0px|||&#8221; global_colors_info=&#8221;{}&#8221;]<\/p>\n<p>C\u00e9dula Profesional 8406549<br \/>C\u00e9dula Especialidad 11975042<br \/>Aviso COFEPRIS\u00a0<span style=\"font-size: 14px;\">2330082002A00106<\/span><\/p>\n<p>[\/et_pb_text][\/et_pb_column][\/et_pb_row][\/et_pb_section]<\/p>\n","protected":false},"excerpt":{"rendered":"<p>Misi\u00f3nBrindar atenci\u00f3n especializada mediante servicios ambulatorios a pacientes con enfermedades oncol\u00f3gicas; encaminados a la prevenci\u00f3n, diagn\u00f3stico, tratamiento y vigilancia con un alto nivel de profesionalismo, \u00e9tica y humanismo. Facilitando los procesos y brindando el soporte necesario para contribuir en la calidad de vida de cada uno de nuestros pacientes. Visi\u00f3nSer un centro oncol\u00f3gico de excelencia [&hellip;]<\/p>\n","protected":false},"author":1,"featured_media":0,"parent":0,"menu_order":0,"comment_status":"closed","ping_status":"closed","template":"","meta":{"_et_pb_use_builder":"on","_et_pb_old_content":"","_et_gb_content_width":"","_joinchat":[],"footnotes":""},"class_list":["post-52","page","type-page","status-publish","hentry"],"_links":{"self":[{"href":"https:\/\/onkolid.mx\/index.php\/wp-json\/wp\/v2\/pages\/52","targetHints":{"allow":["GET"]}}],"collection":[{"href":"https:\/\/onkolid.mx\/index.php\/wp-json\/wp\/v2\/pages"}],"about":[{"href":"https:\/\/onkolid.mx\/index.php\/wp-json\/wp\/v2\/types\/page"}],"author":[{"embeddable":true,"href":"https:\/\/onkolid.mx\/index.php\/wp-json\/wp\/v2\/users\/1"}],"replies":[{"embeddable":true,"href":"https:\/\/onkolid.mx\/index.php\/wp-json\/wp\/v2\/comments?post=52"}],"version-history":[{"count":22,"href":"https:\/\/onkolid.mx\/index.php\/wp-json\/wp\/v2\/pages\/52\/revisions"}],"predecessor-version":[{"id":373,"href":"https:\/\/onkolid.mx\/index.php\/wp-json\/wp\/v2\/pages\/52\/revisions\/373"}],"wp:attachment":[{"href":"https:\/\/onkolid.mx\/index.php\/wp-json\/wp\/v2\/media?parent=52"}],"curies":[{"name":"wp","href":"https:\/\/api.w.org\/{rel}","templated":true}]}}